{"id":34,"date":"2023-02-15T13:50:35","date_gmt":"2023-02-15T13:50:35","guid":{"rendered":"https:\/\/sunincoming.com\/?page_id=34"},"modified":"2023-03-21T09:10:16","modified_gmt":"2023-03-21T09:10:16","slug":"about-us","status":"publish","type":"page","link":"https:\/\/sunincoming.com\/en_gb\/about-us\/","title":{"rendered":"About us"},"content":{"rendered":"<div data-elementor-type=\"wp-page\" data-elementor-id=\"34\" class=\"elementor elementor-34\" data-elementor-post-type=\"page\">\n\t\t\t\t\t\t<section class=\"elementor-section elementor-top-section elementor-element elementor-element-3b4bf0f7 elementor-section-height-min-height elementor-section-items-stretch elementor-section-boxed elementor-section-height-default\" data-id=\"3b4bf0f7\" data-element_type=\"section\" data-e-type=\"section\" data-settings=\"{&quot;background_background&quot;:&quot;classic&quot;}\">\n\t\t\t\t\t\t<div class=\"elementor-container elementor-column-gap-no\">\n\t\t\t\t\t<div class=\"elementor-column elementor-col-100 elementor-top-column elementor-element elementor-element-3881528e\" data-id=\"3881528e\" data-element_type=\"column\" data-e-type=\"column\" data-settings=\"{&quot;background_background&quot;:&quot;classic&quot;}\">\n\t\t\t<div class=\"elementor-widget-wrap elementor-element-populated\">\n\t\t\t\t\t\t<section class=\"elementor-section elementor-inner-section elementor-element elementor-element-4743ee6e elementor-section-height-min-height elementor-section-boxed elementor-section-height-default\" data-id=\"4743ee6e\" data-element_type=\"section\" data-e-type=\"section\" data-settings=\"{&quot;background_background&quot;:&quot;classic&quot;}\">\n\t\t\t\t\t\t<div class=\"elementor-container elementor-column-gap-default\">\n\t\t\t\t\t<div class=\"elementor-column elementor-col-100 elementor-inner-column elementor-element elementor-element-4f3f9120\" data-id=\"4f3f9120\" data-element_type=\"column\" data-e-type=\"column\">\n\t\t\t<div class=\"elementor-widget-wrap\">\n\t\t\t\t\t\t\t<\/div>\n\t\t<\/div>\n\t\t\t\t\t<\/div>\n\t\t<\/section>\n\t\t\t\t<div class=\"elementor-element elementor-element-62da039d elementor-widget elementor-widget-heading\" data-id=\"62da039d\" data-element_type=\"widget\" data-e-type=\"widget\" data-widget_type=\"heading.default\">\n\t\t\t\t<div class=\"elementor-widget-container\">\n\t\t\t\t\t<h1 class=\"elementor-heading-title elementor-size-default\">About us<\/h1>\t\t\t\t<\/div>\n\t\t\t\t<\/div>\n\t\t\t\t\t<\/div>\n\t\t<\/div>\n\t\t\t\t\t<\/div>\n\t\t<\/section>\n\t\t\t\t<section class=\"elementor-section elementor-top-section elementor-element elementor-element-fa624b4 elementor-section-boxed elementor-section-height-default elementor-section-height-default\" data-id=\"fa624b4\" data-element_type=\"section\" data-e-type=\"section\">\n\t\t\t\t\t\t<div class=\"elementor-container elementor-column-gap-no\">\n\t\t\t\t\t<div class=\"elementor-column elementor-col-100 elementor-top-column elementor-element elementor-element-69553d9\" data-id=\"69553d9\" data-element_type=\"column\" data-e-type=\"column\">\n\t\t\t<div class=\"elementor-widget-wrap elementor-element-populated\">\n\t\t\t\t\t\t<section class=\"elementor-section elementor-inner-section elementor-element elementor-element-52b8d3d elementor-section-boxed elementor-section-height-default elementor-section-height-default\" data-id=\"52b8d3d\" data-element_type=\"section\" data-e-type=\"section\" data-settings=\"{&quot;background_background&quot;:&quot;classic&quot;}\">\n\t\t\t\t\t\t<div class=\"elementor-container elementor-column-gap-default\">\n\t\t\t\t\t<div class=\"elementor-column elementor-col-50 elementor-inner-column elementor-element elementor-element-d0746c2\" data-id=\"d0746c2\" data-element_type=\"column\" data-e-type=\"column\">\n\t\t\t<div class=\"elementor-widget-wrap elementor-element-populated\">\n\t\t\t\t\t\t<div class=\"elementor-element elementor-element-0a28051 elementor-widget elementor-widget-image\" data-id=\"0a28051\" data-element_type=\"widget\" data-e-type=\"widget\" data-widget_type=\"image.default\">\n\t\t\t\t<div class=\"elementor-widget-container\">\n\t\t\t\t\t\t\t\t\t\t\t\t\t\t\t<img fetchpriority=\"high\" decoding=\"async\" width=\"400\" height=\"400\" src=\"https:\/\/sunincoming.com\/wp-content\/uploads\/2023\/02\/dmc.jpg\" class=\"attachment-large size-large wp-image-1123\" alt=\"\" srcset=\"https:\/\/sunincoming.com\/wp-content\/uploads\/2023\/02\/dmc.jpg 400w, https:\/\/sunincoming.com\/wp-content\/uploads\/2023\/02\/dmc-300x300.jpg 300w, https:\/\/sunincoming.com\/wp-content\/uploads\/2023\/02\/dmc-150x150.jpg 150w\" sizes=\"(max-width: 400px) 100vw, 400px\" \/>\t\t\t\t\t\t\t\t\t\t\t\t\t\t\t<\/div>\n\t\t\t\t<\/div>\n\t\t\t\t\t<\/div>\n\t\t<\/div>\n\t\t\t\t<div class=\"elementor-column elementor-col-50 elementor-inner-column elementor-element elementor-element-4962643\" data-id=\"4962643\" data-element_type=\"column\" data-e-type=\"column\">\n\t\t\t<div class=\"elementor-widget-wrap elementor-element-populated\">\n\t\t\t\t\t\t<div class=\"elementor-element elementor-element-50d946b elementor-widget elementor-widget-text-editor\" data-id=\"50d946b\" data-element_type=\"widget\" data-e-type=\"widget\" data-widget_type=\"text-editor.default\">\n\t\t\t\t<div class=\"elementor-widget-container\">\n\t\t\t\t\t\t\t\t\t<p><strong>Sun Incoming<\/strong> is a service full service DMC (Destination Management Company) specialised in international incoming services in Andalusia, with more than 30 years of experience in the tourism sector of all its members.<\/p>\n<p>One of our main objectives is to provide our clients, travel agencies, tour operators and other companies with all the necessary tools to ensure that each of the clients they entrust to us are treated with the best possible service.<\/p>\n<p>The segments in which we are specialised:<\/p>\n<ul>\n<li>Golf<\/li>\n<li>Groups<\/li>\n<li>Incentives<\/li>\n<li>Holidays<\/li>\n<li>Tour-Operators<\/li><li>Sport Groups<br><\/li>\n<\/ul>\t\t\t\t\t\t\t\t<\/div>\n\t\t\t\t<\/div>\n\t\t\t\t\t<\/div>\n\t\t<\/div>\n\t\t\t\t\t<\/div>\n\t\t<\/section>\n\t\t\t\t\t<\/div>\n\t\t<\/div>\n\t\t\t\t\t<\/div>\n\t\t<\/section>\n\t\t\t\t<\/div>","protected":false},"excerpt":{"rendered":"<p>\u00bfQuienes somos? Sun Incoming es una empresa de servicios especializada como DMC (Destination Management Company) receptivo internacional en Andaluc\u00eda, que cuenta con una dilatada experiencia de m\u00e1s de 30 a\u00f1os en el sector tur\u00edstico de todos sus integrantes. Entre nuestros principales objetivos se encuentran poner a disposici\u00f3n de nuestros clientes, agencias de viajes, tour operadores [&hellip;]<\/p>\n","protected":false},"author":1,"featured_media":0,"parent":0,"menu_order":0,"comment_status":"closed","ping_status":"closed","template":"","meta":{"footnotes":""},"class_list":["post-34","page","type-page","status-publish","hentry"],"_links":{"self":[{"href":"https:\/\/sunincoming.com\/en_gb\/wp-json\/wp\/v2\/pages\/34","targetHints":{"allow":["GET"]}}],"collection":[{"href":"https:\/\/sunincoming.com\/en_gb\/wp-json\/wp\/v2\/pages"}],"about":[{"href":"https:\/\/sunincoming.com\/en_gb\/wp-json\/wp\/v2\/types\/page"}],"author":[{"embeddable":true,"href":"https:\/\/sunincoming.com\/en_gb\/wp-json\/wp\/v2\/users\/1"}],"replies":[{"embeddable":true,"href":"https:\/\/sunincoming.com\/en_gb\/wp-json\/wp\/v2\/comments?post=34"}],"version-history":[{"count":34,"href":"https:\/\/sunincoming.com\/en_gb\/wp-json\/wp\/v2\/pages\/34\/revisions"}],"predecessor-version":[{"id":1795,"href":"https:\/\/sunincoming.com\/en_gb\/wp-json\/wp\/v2\/pages\/34\/revisions\/1795"}],"wp:attachment":[{"href":"https:\/\/sunincoming.com\/en_gb\/wp-json\/wp\/v2\/media?parent=34"}],"curies":[{"name":"wp","href":"https:\/\/api.w.org\/{rel}","templated":true}]}}