{"id":38,"date":"2023-02-15T13:53:14","date_gmt":"2023-02-15T13:53:14","guid":{"rendered":"https:\/\/sunincoming.com\/?page_id=38"},"modified":"2023-07-03T19:06:37","modified_gmt":"2023-07-03T19:06:37","slug":"request-quote","status":"publish","type":"page","link":"https:\/\/sunincoming.com\/en_gb\/request-quote\/","title":{"rendered":"Booking Request"},"content":{"rendered":"\t\t<div data-elementor-type=\"wp-page\" data-elementor-id=\"38\" class=\"elementor elementor-38\" data-elementor-post-type=\"page\">\n\t\t\t\t\t\t<section class=\"elementor-section elementor-top-section elementor-element elementor-element-2d43c0b2 elementor-section-height-min-height elementor-section-items-stretch elementor-section-boxed elementor-section-height-default\" data-id=\"2d43c0b2\" data-element_type=\"section\" data-e-type=\"section\" data-settings=\"{&quot;background_background&quot;:&quot;classic&quot;}\">\n\t\t\t\t\t\t<div class=\"elementor-container elementor-column-gap-no\">\n\t\t\t\t\t<div class=\"elementor-column elementor-col-100 elementor-top-column elementor-element elementor-element-11289973\" data-id=\"11289973\" data-element_type=\"column\" data-e-type=\"column\" data-settings=\"{&quot;background_background&quot;:&quot;classic&quot;}\">\n\t\t\t<div class=\"elementor-widget-wrap elementor-element-populated\">\n\t\t\t\t\t\t<section class=\"elementor-section elementor-inner-section elementor-element elementor-element-1b1a0036 elementor-section-height-min-height elementor-section-boxed elementor-section-height-default\" data-id=\"1b1a0036\" data-element_type=\"section\" data-e-type=\"section\" data-settings=\"{&quot;background_background&quot;:&quot;classic&quot;}\">\n\t\t\t\t\t\t<div class=\"elementor-container elementor-column-gap-default\">\n\t\t\t\t\t<div class=\"elementor-column elementor-col-100 elementor-inner-column elementor-element elementor-element-5aeee0b0\" data-id=\"5aeee0b0\" data-element_type=\"column\" data-e-type=\"column\">\n\t\t\t<div class=\"elementor-widget-wrap\">\n\t\t\t\t\t\t\t<\/div>\n\t\t<\/div>\n\t\t\t\t\t<\/div>\n\t\t<\/section>\n\t\t\t\t<div class=\"elementor-element elementor-element-2f365caf elementor-widget elementor-widget-heading\" data-id=\"2f365caf\" data-element_type=\"widget\" data-e-type=\"widget\" data-widget_type=\"heading.default\">\n\t\t\t\t<div class=\"elementor-widget-container\">\n\t\t\t\t\t<h1 class=\"elementor-heading-title elementor-size-default\">Solicita presupuesto<\/h1>\t\t\t\t<\/div>\n\t\t\t\t<\/div>\n\t\t\t\t\t<\/div>\n\t\t<\/div>\n\t\t\t\t\t<\/div>\n\t\t<\/section>\n\t\t\t\t<section class=\"elementor-section elementor-top-section elementor-element elementor-element-ce77150 elementor-section-boxed elementor-section-height-default elementor-section-height-default\" data-id=\"ce77150\" data-element_type=\"section\" data-e-type=\"section\">\n\t\t\t\t\t\t<div class=\"elementor-container elementor-column-gap-no\">\n\t\t\t\t\t<div class=\"elementor-column elementor-col-100 elementor-top-column elementor-element elementor-element-d025b67\" data-id=\"d025b67\" data-element_type=\"column\" data-e-type=\"column\">\n\t\t\t<div class=\"elementor-widget-wrap elementor-element-populated\">\n\t\t\t\t\t\t<section class=\"elementor-section elementor-inner-section elementor-element elementor-element-0a3156e elementor-section-boxed elementor-section-height-default elementor-section-height-default\" data-id=\"0a3156e\" data-element_type=\"section\" data-e-type=\"section\" data-settings=\"{&quot;background_background&quot;:&quot;classic&quot;}\">\n\t\t\t\t\t\t<div class=\"elementor-container elementor-column-gap-default\">\n\t\t\t\t\t<div class=\"elementor-column elementor-col-100 elementor-inner-column elementor-element elementor-element-705c571\" data-id=\"705c571\" data-element_type=\"column\" data-e-type=\"column\">\n\t\t\t<div class=\"elementor-widget-wrap elementor-element-populated\">\n\t\t\t\t\t\t<div class=\"elementor-element elementor-element-dae0a7f elementor-widget elementor-widget-heading\" data-id=\"dae0a7f\" data-element_type=\"widget\" data-e-type=\"widget\" data-widget_type=\"heading.default\">\n\t\t\t\t<div class=\"elementor-widget-container\">\n\t\t\t\t\t<h3 class=\"elementor-heading-title elementor-size-default\">FORMULARIO DE SOLICITUD<\/h3>\t\t\t\t<\/div>\n\t\t\t\t<\/div>\n\t\t\t\t<div class=\"elementor-element elementor-element-9fc6cab elementor-widget-divider--view-line elementor-widget elementor-widget-divider\" data-id=\"9fc6cab\" data-element_type=\"widget\" data-e-type=\"widget\" data-widget_type=\"divider.default\">\n\t\t\t\t<div class=\"elementor-widget-container\">\n\t\t\t\t\t\t\t<div class=\"elementor-divider\">\n\t\t\t<span class=\"elementor-divider-separator\">\n\t\t\t\t\t\t<\/span>\n\t\t<\/div>\n\t\t\t\t\t\t<\/div>\n\t\t\t\t<\/div>\n\t\t\t\t<div class=\"elementor-element elementor-element-c385830 elementor-button-align-stretch elementor-widget elementor-widget-form\" data-id=\"c385830\" data-element_type=\"widget\" data-e-type=\"widget\" data-settings=\"{&quot;step_next_label&quot;:&quot;Next&quot;,&quot;step_previous_label&quot;:&quot;Previous&quot;,&quot;button_width&quot;:&quot;100&quot;,&quot;step_type&quot;:&quot;number_text&quot;,&quot;step_icon_shape&quot;:&quot;circle&quot;}\" data-widget_type=\"form.default\">\n\t\t\t\t<div class=\"elementor-widget-container\">\n\t\t\t\t\t\t\t<form class=\"elementor-form\" method=\"post\" id=\"form_presu01\" name=\"Formulario_de_cotizacion\" aria-label=\"Formulario_de_cotizacion\">\n\t\t\t<input type=\"hidden\" name=\"post_id\" value=\"38\"\/>\n\t\t\t<input type=\"hidden\" name=\"form_id\" value=\"c385830\"\/>\n\t\t\t<input type=\"hidden\" name=\"referer_title\" value=\"Solicita presupuesto\" \/>\n\n\t\t\t\t\t\t\t<input type=\"hidden\" name=\"queried_id\" value=\"38\"\/>\n\t\t\t\n\t\t\t<div class=\"elementor-form-fields-wrapper elementor-labels-above\">\n\t\t\t\t\t\t\t\t<div class=\"elementor-field-type-text elementor-field-group elementor-column elementor-field-group-name elementor-col-100 elementor-field-required elementor-mark-required\">\n\t\t\t\t\t\t\t\t\t\t\t\t<label for=\"form-field-name\" class=\"elementor-field-label\">\n\t\t\t\t\t\t\t\tNombre de empresa\t\t\t\t\t\t\t<\/label>\n\t\t\t\t\t\t\t\t\t\t\t\t\t\t<input size=\"1\" type=\"text\" name=\"form_fields[name]\" id=\"form-field-name\" class=\"elementor-field elementor-size-md  elementor-field-textual\" required=\"required\">\n\t\t\t\t\t\t\t\t\t\t\t<\/div>\n\t\t\t\t\t\t\t\t<div class=\"elementor-field-type-email elementor-field-group elementor-column elementor-field-group-email elementor-col-100 elementor-field-required elementor-mark-required\">\n\t\t\t\t\t\t\t\t\t\t\t\t<label for=\"form-field-email\" class=\"elementor-field-label\">\n\t\t\t\t\t\t\t\tEmail\t\t\t\t\t\t\t<\/label>\n\t\t\t\t\t\t\t\t\t\t\t\t\t\t<input size=\"1\" type=\"email\" name=\"form_fields[email]\" id=\"form-field-email\" class=\"elementor-field elementor-size-md  elementor-field-textual\" required=\"required\">\n\t\t\t\t\t\t\t\t\t\t\t<\/div>\n\t\t\t\t\t\t\t\t<div class=\"elementor-field-type-text elementor-field-group elementor-column elementor-field-group-nombre_grupo elementor-col-100\">\n\t\t\t\t\t\t\t\t\t\t\t\t<label for=\"form-field-nombre_grupo\" class=\"elementor-field-label\">\n\t\t\t\t\t\t\t\tNombre del grupo\t\t\t\t\t\t\t<\/label>\n\t\t\t\t\t\t\t\t\t\t\t\t\t\t<input size=\"1\" type=\"text\" name=\"form_fields[nombre_grupo]\" id=\"form-field-nombre_grupo\" class=\"elementor-field elementor-size-md  elementor-field-textual\">\n\t\t\t\t\t\t\t\t\t\t\t<\/div>\n\t\t\t\t\t\t\t\t<div class=\"elementor-field-type-select elementor-field-group elementor-column elementor-field-group-num_participantes elementor-col-50 elementor-field-required elementor-mark-required\">\n\t\t\t\t\t\t\t\t\t\t\t\t<label for=\"form-field-num_participantes\" class=\"elementor-field-label\">\n\t\t\t\t\t\t\t\tN\u00famero de participantes\t\t\t\t\t\t\t<\/label>\n\t\t\t\t\t\t\t\t<div class=\"elementor-field elementor-select-wrapper remove-before \">\n\t\t\t<div class=\"select-caret-down-wrapper\">\n\t\t\t\t<i aria-hidden=\"true\" class=\"eicon-caret-down\"><\/i>\t\t\t<\/div>\n\t\t\t<select name=\"form_fields[num_participantes]\" id=\"form-field-num_participantes\" class=\"elementor-field-textual elementor-size-md\" required=\"required\">\n\t\t\t\t\t\t\t\t\t<option value=\"-- Seleccionar --\">-- Seleccionar --<\/option>\n\t\t\t\t\t\t\t\t\t<option value=\"1\">1<\/option>\n\t\t\t\t\t\t\t\t\t<option value=\"2\">2<\/option>\n\t\t\t\t\t\t\t\t\t<option value=\"3\">3<\/option>\n\t\t\t\t\t\t\t\t\t<option value=\"4\">4<\/option>\n\t\t\t\t\t\t\t\t\t<option value=\"5\">5<\/option>\n\t\t\t\t\t\t\t\t\t<option value=\"6\">6<\/option>\n\t\t\t\t\t\t\t\t\t<option value=\"7\">7<\/option>\n\t\t\t\t\t\t\t\t\t<option value=\"8\">8<\/option>\n\t\t\t\t\t\t\t\t\t<option value=\"9\">9<\/option>\n\t\t\t\t\t\t\t\t\t<option value=\"10\">10<\/option>\n\t\t\t\t\t\t\t\t\t<option value=\"11\">11<\/option>\n\t\t\t\t\t\t\t\t\t<option value=\"12\">12<\/option>\n\t\t\t\t\t\t\t\t\t<option value=\"13\">13<\/option>\n\t\t\t\t\t\t\t\t\t<option value=\"14\">14<\/option>\n\t\t\t\t\t\t\t\t\t<option value=\"15\">15<\/option>\n\t\t\t\t\t\t\t\t\t<option value=\"16\">16<\/option>\n\t\t\t\t\t\t\t\t\t<option value=\"17\">17<\/option>\n\t\t\t\t\t\t\t\t\t<option value=\"18\">18<\/option>\n\t\t\t\t\t\t\t\t\t<option value=\"19\">19<\/option>\n\t\t\t\t\t\t\t\t\t<option value=\"20\">20<\/option>\n\t\t\t\t\t\t\t\t\t<option value=\"21\">21<\/option>\n\t\t\t\t\t\t\t\t\t<option value=\"22\">22<\/option>\n\t\t\t\t\t\t\t\t\t<option value=\"23\">23<\/option>\n\t\t\t\t\t\t\t\t\t<option value=\"24\">24<\/option>\n\t\t\t\t\t\t\t\t\t<option value=\"25\">25<\/option>\n\t\t\t\t\t\t\t\t\t<option value=\"26\">26<\/option>\n\t\t\t\t\t\t\t\t\t<option value=\"27\">27<\/option>\n\t\t\t\t\t\t\t\t\t<option value=\"28\">28<\/option>\n\t\t\t\t\t\t\t\t\t<option value=\"29\">29<\/option>\n\t\t\t\t\t\t\t\t\t<option value=\"30\">30<\/option>\n\t\t\t\t\t\t\t\t\t<option value=\"31\">31<\/option>\n\t\t\t\t\t\t\t\t\t<option value=\"32\">32<\/option>\n\t\t\t\t\t\t\t\t\t<option value=\"33\">33<\/option>\n\t\t\t\t\t\t\t\t\t<option value=\"34\">34<\/option>\n\t\t\t\t\t\t\t\t\t<option value=\"35\">35<\/option>\n\t\t\t\t\t\t\t\t\t<option value=\"36\">36<\/option>\n\t\t\t\t\t\t\t\t\t<option value=\"37\">37<\/option>\n\t\t\t\t\t\t\t\t\t<option value=\"38\">38<\/option>\n\t\t\t\t\t\t\t\t\t<option value=\"39\">39<\/option>\n\t\t\t\t\t\t\t\t\t<option value=\"40\">40<\/option>\n\t\t\t\t\t\t\t\t\t<option value=\"41\">41<\/option>\n\t\t\t\t\t\t\t\t\t<option value=\"42\">42<\/option>\n\t\t\t\t\t\t\t\t\t<option value=\"43\">43<\/option>\n\t\t\t\t\t\t\t\t\t<option value=\"44\">44<\/option>\n\t\t\t\t\t\t\t\t\t<option value=\"45\">45<\/option>\n\t\t\t\t\t\t\t\t\t<option value=\"46\">46<\/option>\n\t\t\t\t\t\t\t\t\t<option value=\"47\">47<\/option>\n\t\t\t\t\t\t\t\t\t<option value=\"48\">48<\/option>\n\t\t\t\t\t\t\t\t\t<option value=\"49\">49<\/option>\n\t\t\t\t\t\t\t\t\t<option value=\"50\">50<\/option>\n\t\t\t\t\t\t\t<\/select>\n\t\t<\/div>\n\t\t\t\t\t\t<\/div>\n\t\t\t\t\t\t\t\t<div class=\"elementor-field-type-date elementor-field-group elementor-column elementor-field-group-fecha_llegada elementor-col-50 elementor-field-required elementor-mark-required\">\n\t\t\t\t\t\t\t\t\t\t\t\t<label for=\"form-field-fecha_llegada\" class=\"elementor-field-label\">\n\t\t\t\t\t\t\t\tFecha de llegada\t\t\t\t\t\t\t<\/label>\n\t\t\t\t\t\t\n\t\t<input type=\"date\" name=\"form_fields[fecha_llegada]\" id=\"form-field-fecha_llegada\" class=\"elementor-field elementor-size-md  elementor-field-textual elementor-date-field elementor-use-native\" required=\"required\" pattern=\"[0-9]{4}-[0-9]{2}-[0-9]{2}\">\n\t\t\t\t\t\t<\/div>\n\t\t\t\t\t\t\t\t<div class=\"elementor-field-type-select elementor-field-group elementor-column elementor-field-group-noches_estancia elementor-col-33 elementor-field-required elementor-mark-required\">\n\t\t\t\t\t\t\t\t\t\t\t\t<label for=\"form-field-noches_estancia\" class=\"elementor-field-label\">\n\t\t\t\t\t\t\t\t\u00bfCuantas noches de estancia?\t\t\t\t\t\t\t<\/label>\n\t\t\t\t\t\t\t\t<div class=\"elementor-field elementor-select-wrapper remove-before \">\n\t\t\t<div class=\"select-caret-down-wrapper\">\n\t\t\t\t<i aria-hidden=\"true\" class=\"eicon-caret-down\"><\/i>\t\t\t<\/div>\n\t\t\t<select name=\"form_fields[noches_estancia]\" id=\"form-field-noches_estancia\" class=\"elementor-field-textual elementor-size-md\" required=\"required\">\n\t\t\t\t\t\t\t\t\t<option value=\"-- Seleccionar --\">-- Seleccionar --<\/option>\n\t\t\t\t\t\t\t\t\t<option value=\"1\">1<\/option>\n\t\t\t\t\t\t\t\t\t<option value=\"2\">2<\/option>\n\t\t\t\t\t\t\t\t\t<option value=\"3\">3<\/option>\n\t\t\t\t\t\t\t\t\t<option value=\"4\">4<\/option>\n\t\t\t\t\t\t\t\t\t<option value=\"5\">5<\/option>\n\t\t\t\t\t\t\t\t\t<option value=\"6\">6<\/option>\n\t\t\t\t\t\t\t\t\t<option value=\"7\">7<\/option>\n\t\t\t\t\t\t\t\t\t<option value=\"8\">8<\/option>\n\t\t\t\t\t\t\t\t\t<option value=\"9\">9<\/option>\n\t\t\t\t\t\t\t\t\t<option value=\"10\">10<\/option>\n\t\t\t\t\t\t\t\t\t<option value=\"11\">11<\/option>\n\t\t\t\t\t\t\t\t\t<option value=\"12\">12<\/option>\n\t\t\t\t\t\t\t\t\t<option value=\"13\">13<\/option>\n\t\t\t\t\t\t\t\t\t<option value=\"14\">14<\/option>\n\t\t\t\t\t\t\t\t\t<option value=\"15\">15<\/option>\n\t\t\t\t\t\t\t\t\t<option value=\"16\">16<\/option>\n\t\t\t\t\t\t\t\t\t<option value=\"17\">17<\/option>\n\t\t\t\t\t\t\t\t\t<option value=\"18\">18<\/option>\n\t\t\t\t\t\t\t\t\t<option value=\"19\">19<\/option>\n\t\t\t\t\t\t\t\t\t<option value=\"20\">20<\/option>\n\t\t\t\t\t\t\t\t\t<option value=\"21\">21<\/option>\n\t\t\t\t\t\t\t\t\t<option value=\"22\">22<\/option>\n\t\t\t\t\t\t\t\t\t<option value=\"23\">23<\/option>\n\t\t\t\t\t\t\t\t\t<option value=\"24\">24<\/option>\n\t\t\t\t\t\t\t\t\t<option value=\"25\">25<\/option>\n\t\t\t\t\t\t\t\t\t<option value=\"26\">26<\/option>\n\t\t\t\t\t\t\t\t\t<option value=\"27\">27<\/option>\n\t\t\t\t\t\t\t\t\t<option value=\"28\">28<\/option>\n\t\t\t\t\t\t\t\t\t<option value=\"29\">29<\/option>\n\t\t\t\t\t\t\t\t\t<option value=\"30\">30<\/option>\n\t\t\t\t\t\t\t<\/select>\n\t\t<\/div>\n\t\t\t\t\t\t<\/div>\n\t\t\t\t\t\t\t\t<div class=\"elementor-field-type-checkbox elementor-field-group elementor-column elementor-field-group-flexibilidad_fecha elementor-col-50\">\n\t\t\t\t\t<div class=\"elementor-field-subgroup  \"><span class=\"elementor-field-option\"><input type=\"checkbox\" value=\"\u00bfFlexibilidad en las fechas?\" id=\"form-field-flexibilidad_fecha-0\" name=\"form_fields[flexibilidad_fecha]\"> <label for=\"form-field-flexibilidad_fecha-0\">\u00bfFlexibilidad en las fechas?<\/label><\/span><\/div>\t\t\t\t<\/div>\n\t\t\t\t\t\t\t\t<div class=\"elementor-field-type-select elementor-field-group elementor-column elementor-field-group-destino_visitar elementor-col-50 elementor-field-required elementor-mark-required\">\n\t\t\t\t\t\t\t\t\t\t\t\t<label for=\"form-field-destino_visitar\" class=\"elementor-field-label\">\n\t\t\t\t\t\t\t\t\u00bfQue destino le gustar\u00eda visitar?\t\t\t\t\t\t\t<\/label>\n\t\t\t\t\t\t\t\t<div class=\"elementor-field elementor-select-wrapper remove-before \">\n\t\t\t<div class=\"select-caret-down-wrapper\">\n\t\t\t\t<i aria-hidden=\"true\" class=\"eicon-caret-down\"><\/i>\t\t\t<\/div>\n\t\t\t<select name=\"form_fields[destino_visitar]\" id=\"form-field-destino_visitar\" class=\"elementor-field-textual elementor-size-md\" required=\"required\">\n\t\t\t\t\t\t\t\t\t<option value=\"Costa del Sol\">Costa del Sol<\/option>\n\t\t\t\t\t\t\t\t\t<option value=\"Costa de la Luz \/ C\u00e1diz\">Costa de la Luz \/ C\u00e1diz<\/option>\n\t\t\t\t\t\t\t\t\t<option value=\"Costa de la Luz \/ Huelva\">Costa de la Luz \/ Huelva<\/option>\n\t\t\t\t\t\t\t\t\t<option value=\"Costa Tropical Nerja, Almu\u00f1ecar\">Costa Tropical Nerja, Almu\u00f1ecar<\/option>\n\t\t\t\t\t\t\t\t\t<option value=\"Costa de Almer\u00eda\">Costa de Almer\u00eda<\/option>\n\t\t\t\t\t\t\t\t\t<option value=\"Otros\">Otros<\/option>\n\t\t\t\t\t\t\t<\/select>\n\t\t<\/div>\n\t\t\t\t\t\t<\/div>\n\t\t\t\t\t\t\t\t<div class=\"elementor-field-type-textarea elementor-field-group elementor-column elementor-field-group-field_55aac4c elementor-col-50\">\n\t\t\t\t\t\t\t\t\t\t\t\t<label for=\"form-field-field_55aac4c\" class=\"elementor-field-label\">\n\t\t\t\t\t\t\t\t\u00bfTiene alg\u00fan destino preferido?\t\t\t\t\t\t\t<\/label>\n\t\t\t\t\t\t<textarea class=\"elementor-field-textual elementor-field  elementor-size-md\" name=\"form_fields[field_55aac4c]\" id=\"form-field-field_55aac4c\" rows=\"1\"><\/textarea>\t\t\t\t<\/div>\n\t\t\t\t\t\t\t\t<div class=\"elementor-field-type-checkbox elementor-field-group elementor-column elementor-field-group-opciones elementor-col-50\">\n\t\t\t\t\t<div class=\"elementor-field-subgroup  elementor-subgroup-inline\"><span class=\"elementor-field-option\"><input type=\"checkbox\" value=\"\u00bfQuiere incluir campos de golf?\" id=\"form-field-opciones-0\" name=\"form_fields[opciones][]\"> <label for=\"form-field-opciones-0\">\u00bfQuiere incluir campos de golf?<\/label><\/span><span class=\"elementor-field-option\"><input type=\"checkbox\" value=\"\u00bfNecesita alquiler de palos de golf?\" id=\"form-field-opciones-1\" name=\"form_fields[opciones][]\"> <label for=\"form-field-opciones-1\">\u00bfNecesita alquiler de palos de golf?<\/label><\/span><span class=\"elementor-field-option\"><input type=\"checkbox\" value=\"\u00bfQuiere incluir traslados o coche de alquiler?\" id=\"form-field-opciones-2\" name=\"form_fields[opciones][]\"> <label for=\"form-field-opciones-2\">\u00bfQuiere incluir traslados o coche de alquiler?<\/label><\/span><\/div>\t\t\t\t<\/div>\n\t\t\t\t\t\t\t\t<div class=\"elementor-field-type-textarea elementor-field-group elementor-column elementor-field-group-otros elementor-col-50\">\n\t\t\t\t\t\t\t\t\t\t\t\t<label for=\"form-field-otros\" class=\"elementor-field-label\">\n\t\t\t\t\t\t\t\tOtros\t\t\t\t\t\t\t<\/label>\n\t\t\t\t\t\t<textarea class=\"elementor-field-textual elementor-field  elementor-size-md\" name=\"form_fields[otros]\" id=\"form-field-otros\" rows=\"1\"><\/textarea>\t\t\t\t<\/div>\n\t\t\t\t\t\t\t\t<div class=\"elementor-field-type-html elementor-field-group elementor-column elementor-field-group-field_59f8be5 elementor-col-100\">\n\t\t\t\t\t<hr style=\"border: 1px dashed #cacaca\">\t\t\t\t<\/div>\n\t\t\t\t\t\t\t\t<div class=\"elementor-field-type-acceptance elementor-field-group elementor-column elementor-field-group-Politicas elementor-col-100 elementor-field-required elementor-mark-required\">\n\t\t\t\t\t\t\t<div class=\"elementor-field-subgroup\">\n\t\t\t<span class=\"elementor-field-option\">\n\t\t\t\t<input type=\"checkbox\" name=\"form_fields[Politicas]\" id=\"form-field-Politicas\" class=\"elementor-field elementor-size-md  elementor-acceptance-field\" required=\"required\">\n\t\t\t\t<label for=\"form-field-Politicas\">He le\u00eddo y acepto las <a href=\"\/politica-de-privacidad\/\">pol\u00edticas de privacidad<\/a><\/label>\t\t\t<\/span>\n\t\t<\/div>\n\t\t\t\t\t\t<\/div>\n\t\t\t\t\t\t\t\t<div class=\"elementor-field-type-recaptcha_v3 elementor-field-group elementor-column elementor-field-group-field_bea894d elementor-col-100 recaptcha_v3-bottomright\">\n\t\t\t\t\t<div class=\"elementor-field\" id=\"form-field-field_bea894d\"><div class=\"elementor-g-recaptcha\" data-sitekey=\"6Lcp9vAmAAAAAK-eqKMA6bfSZC5uBF30iMFq2EGl\" data-type=\"v3\" data-action=\"Form\" data-badge=\"bottomright\" data-size=\"invisible\"><\/div><\/div>\t\t\t\t<\/div>\n\t\t\t\t\t\t\t\t<div class=\"elementor-field-group elementor-column elementor-field-type-submit elementor-col-100 e-form__buttons\">\n\t\t\t\t\t<button class=\"elementor-button elementor-size-sm\" type=\"submit\">\n\t\t\t\t\t\t<span class=\"elementor-button-content-wrapper\">\n\t\t\t\t\t\t\t\t\t\t\t\t\t\t\t\t\t\t\t\t\t\t<span class=\"elementor-button-text\">Enviar<\/span>\n\t\t\t\t\t\t\t\t\t\t\t\t\t<\/span>\n\t\t\t\t\t<\/button>\n\t\t\t\t<\/div>\n\t\t\t<\/div>\n\t\t<\/form>\n\t\t\t\t\t\t<\/div>\n\t\t\t\t<\/div>\n\t\t\t\t<div class=\"elementor-element elementor-element-4aca399 elementor-widget elementor-widget-accordion\" data-id=\"4aca399\" data-element_type=\"widget\" data-e-type=\"widget\" data-widget_type=\"accordion.default\">\n\t\t\t\t<div class=\"elementor-widget-container\">\n\t\t\t\t\t\t\t<div class=\"elementor-accordion\">\n\t\t\t\t\t\t\t<div class=\"elementor-accordion-item\">\n\t\t\t\t\t<div id=\"elementor-tab-title-7841\" class=\"elementor-tab-title\" data-tab=\"1\" role=\"button\" aria-controls=\"elementor-tab-content-7841\" aria-expanded=\"false\">\n\t\t\t\t\t\t\t\t\t\t\t\t\t<span class=\"elementor-accordion-icon elementor-accordion-icon-left\" aria-hidden=\"true\">\n\t\t\t\t\t\t\t\t\t\t\t\t\t\t\t<span class=\"elementor-accordion-icon-closed\"><i class=\"fas fa-caret-right\"><\/i><\/span>\n\t\t\t\t\t\t\t\t<span class=\"elementor-accordion-icon-opened\"><i class=\"fas fa-caret-down\"><\/i><\/span>\n\t\t\t\t\t\t\t\t\t\t\t\t\t\t<\/span>\n\t\t\t\t\t\t\t\t\t\t\t\t<a class=\"elementor-accordion-title\" tabindex=\"0\">M\u00e1s informaci\u00f3n sobre la protecci\u00f3n de datos aqu\u00ed<\/a>\n\t\t\t\t\t<\/div>\n\t\t\t\t\t<div id=\"elementor-tab-content-7841\" class=\"elementor-tab-content elementor-clearfix\" data-tab=\"1\" role=\"region\" aria-labelledby=\"elementor-tab-title-7841\"><p><strong>Responsable<\/strong>: SUN INCOMING, S.L.<br><strong>Finalidad de la recogida y tratamiento de los datos personales<\/strong>: Responder a su consulta o solicitud de servicios a trav\u00e9s del correo electr\u00f3nico que me facilite.<br><strong>Legitimaci\u00f3n<\/strong>: Consentimiento del Interesado.<br><strong>Destinatarios<\/strong>: Hosting de ADBOING SPAIN, S.L. (ver <a href=\"\/politica-de-privacidad\/\" target=\"_blank\" rel=\"noopener\">pol\u00edtica de privacidad<\/a>), ubicado dentro de la UE.<br><strong>Derechos<\/strong>: Podr\u00e1 acceder, rectificar, limitar y suprimir sus datos escribi\u00e9ndome a <a href=\"mailto:info@sunincoming.com\">info@sunincoming.com<\/a> , as\u00ed como presentar una reclamaci\u00f3n ante una autoridad de control. Para m\u00e1s informaci\u00f3n, consulta <a href=\"\/politica-de-privacidad\/\" target=\"_blank\" rel=\"noopener\">mi pol\u00edtica de privacidad<\/a>.<\/p><\/div>\n\t\t\t\t<\/div>\n\t\t\t\t\t\t\t\t<\/div>\n\t\t\t\t\t\t<\/div>\n\t\t\t\t<\/div>\n\t\t\t\t<div class=\"elementor-element elementor-element-63416c5 elementor-widget elementor-widget-html\" data-id=\"63416c5\" data-element_type=\"widget\" data-e-type=\"widget\" data-widget_type=\"html.default\">\n\t\t\t\t<div class=\"elementor-widget-container\">\n\t\t\t\t\t<script> \njQuery(document).ready(function($) { \nvar delay = 100; setTimeout(function() { \n$('.elementor-tab-title').removeClass('elementor-active');\n $('.elementor-tab-content').css('display', 'none'); }, delay); \n}); \n<\/script>\t\t\t\t<\/div>\n\t\t\t\t<\/div>\n\t\t\t\t\t<\/div>\n\t\t<\/div>\n\t\t\t\t\t<\/div>\n\t\t<\/section>\n\t\t\t\t\t<\/div>\n\t\t<\/div>\n\t\t\t\t\t<\/div>\n\t\t<\/section>\n\t\t\t\t<\/div>\n\t\t","protected":false},"excerpt":{"rendered":"<p>Solicita presupuesto FORMULARIO DE SOLICITUD M\u00e1s informaci\u00f3n sobre la protecci\u00f3n de datos aqu\u00ed Responsable: SUN INCOMING, S.L.Finalidad de la recogida y tratamiento de los datos personales: Responder a su consulta o solicitud de servicios a trav\u00e9s del correo electr\u00f3nico que me facilite.Legitimaci\u00f3n: Consentimiento del Interesado.Destinatarios: Hosting de ADBOING SPAIN, S.L. (ver pol\u00edtica de privacidad), ubicado [&hellip;]<\/p>\n","protected":false},"author":1,"featured_media":0,"parent":0,"menu_order":0,"comment_status":"closed","ping_status":"closed","template":"","meta":{"footnotes":""},"class_list":["post-38","page","type-page","status-publish","hentry"],"_links":{"self":[{"href":"https:\/\/sunincoming.com\/en_gb\/wp-json\/wp\/v2\/pages\/38","targetHints":{"allow":["GET"]}}],"collection":[{"href":"https:\/\/sunincoming.com\/en_gb\/wp-json\/wp\/v2\/pages"}],"about":[{"href":"https:\/\/sunincoming.com\/en_gb\/wp-json\/wp\/v2\/types\/page"}],"author":[{"embeddable":true,"href":"https:\/\/sunincoming.com\/en_gb\/wp-json\/wp\/v2\/users\/1"}],"replies":[{"embeddable":true,"href":"https:\/\/sunincoming.com\/en_gb\/wp-json\/wp\/v2\/comments?post=38"}],"version-history":[{"count":182,"href":"https:\/\/sunincoming.com\/en_gb\/wp-json\/wp\/v2\/pages\/38\/revisions"}],"predecessor-version":[{"id":1928,"href":"https:\/\/sunincoming.com\/en_gb\/wp-json\/wp\/v2\/pages\/38\/revisions\/1928"}],"wp:attachment":[{"href":"https:\/\/sunincoming.com\/en_gb\/wp-json\/wp\/v2\/media?parent=38"}],"curies":[{"name":"wp","href":"https:\/\/api.w.org\/{rel}","templated":true}]}}