{"id":653,"date":"2023-02-20T17:36:58","date_gmt":"2023-02-20T17:36:58","guid":{"rendered":"https:\/\/bebidasgratis.com\/politica-de-cookies\/"},"modified":"2023-03-21T09:03:45","modified_gmt":"2023-03-21T09:03:45","slug":"cookie-policy","status":"publish","type":"page","link":"https:\/\/sunincoming.com\/en_gb\/cookie-policy\/","title":{"rendered":"Cookies policy"},"content":{"rendered":"<div data-elementor-type=\"wp-page\" data-elementor-id=\"653\" class=\"elementor elementor-653\" data-elementor-post-type=\"page\">\n\t\t\t\t\t\t<section class=\"elementor-section elementor-top-section elementor-element elementor-element-0f4bd55 elementor-section-height-min-height elementor-section-items-stretch elementor-section-boxed elementor-section-height-default\" data-id=\"0f4bd55\" data-element_type=\"section\" data-e-type=\"section\" data-settings=\"{&quot;background_background&quot;:&quot;classic&quot;}\">\n\t\t\t\t\t\t<div class=\"elementor-container elementor-column-gap-no\">\n\t\t\t\t\t<div class=\"elementor-column elementor-col-100 elementor-top-column elementor-element elementor-element-3de258c\" data-id=\"3de258c\" data-element_type=\"column\" data-e-type=\"column\" data-settings=\"{&quot;background_background&quot;:&quot;classic&quot;}\">\n\t\t\t<div class=\"elementor-widget-wrap elementor-element-populated\">\n\t\t\t\t\t\t<section class=\"elementor-section elementor-inner-section elementor-element elementor-element-8ac0215 elementor-section-height-min-height elementor-section-boxed elementor-section-height-default\" data-id=\"8ac0215\" data-element_type=\"section\" data-e-type=\"section\" data-settings=\"{&quot;background_background&quot;:&quot;classic&quot;}\">\n\t\t\t\t\t\t<div class=\"elementor-container elementor-column-gap-default\">\n\t\t\t\t\t<div class=\"elementor-column elementor-col-100 elementor-inner-column elementor-element elementor-element-eb304c2\" data-id=\"eb304c2\" data-element_type=\"column\" data-e-type=\"column\">\n\t\t\t<div class=\"elementor-widget-wrap\">\n\t\t\t\t\t\t\t<\/div>\n\t\t<\/div>\n\t\t\t\t\t<\/div>\n\t\t<\/section>\n\t\t\t\t<div class=\"elementor-element elementor-element-12e79c9 elementor-widget elementor-widget-heading\" data-id=\"12e79c9\" data-element_type=\"widget\" data-e-type=\"widget\" data-widget_type=\"heading.default\">\n\t\t\t\t<div class=\"elementor-widget-container\">\n\t\t\t\t\t<h1 class=\"elementor-heading-title elementor-size-default\">Cookies policy<\/h1>\t\t\t\t<\/div>\n\t\t\t\t<\/div>\n\t\t\t\t\t<\/div>\n\t\t<\/div>\n\t\t\t\t\t<\/div>\n\t\t<\/section>\n\t\t\t\t<section class=\"elementor-section elementor-top-section elementor-element elementor-element-2e1628e elementor-section-boxed elementor-section-height-default elementor-section-height-default\" data-id=\"2e1628e\" data-element_type=\"section\" data-e-type=\"section\">\n\t\t\t\t\t\t<div class=\"elementor-container elementor-column-gap-no\">\n\t\t\t\t\t<div class=\"elementor-column elementor-col-100 elementor-top-column elementor-element elementor-element-8ddaa45\" data-id=\"8ddaa45\" data-element_type=\"column\" data-e-type=\"column\">\n\t\t\t<div class=\"elementor-widget-wrap elementor-element-populated\">\n\t\t\t\t\t\t<section class=\"elementor-section elementor-inner-section elementor-element elementor-element-7f98ee7 elementor-section-full_width elementor-section-height-default elementor-section-height-default\" data-id=\"7f98ee7\" data-element_type=\"section\" data-e-type=\"section\" data-settings=\"{&quot;background_background&quot;:&quot;classic&quot;}\">\n\t\t\t\t\t\t<div class=\"elementor-container elementor-column-gap-default\">\n\t\t\t\t\t<div class=\"elementor-column elementor-col-100 elementor-inner-column elementor-element elementor-element-c063ea0\" data-id=\"c063ea0\" data-element_type=\"column\" data-e-type=\"column\">\n\t\t\t<div class=\"elementor-widget-wrap elementor-element-populated\">\n\t\t\t\t\t\t<div class=\"elementor-element elementor-element-ae1b05a elementor-widget elementor-widget-heading\" data-id=\"ae1b05a\" data-element_type=\"widget\" data-e-type=\"widget\" data-widget_type=\"heading.default\">\n\t\t\t\t<div class=\"elementor-widget-container\">\n\t\t\t\t\t<h3 class=\"elementor-heading-title elementor-size-default\">What are cookies?<\/h3>\t\t\t\t<\/div>\n\t\t\t\t<\/div>\n\t\t\t\t<div class=\"elementor-element elementor-element-3e1cba0 elementor-widget elementor-widget-text-editor\" data-id=\"3e1cba0\" data-element_type=\"widget\" data-e-type=\"widget\" data-widget_type=\"text-editor.default\">\n\t\t\t\t<div class=\"elementor-widget-container\">\n\t\t\t\t\t\t\t\t\t<p>In English, the term \"cookie\" means biscuit, but in the field of web browsing, a \"cookie\" is something completely different. When you access our Website, a small amount of text is stored on your device's browser called a \"cookie\". This text contains a variety of information about your browsing habits, preferences, content personalisation, etc&#8230;<\/p><p>There are other technologies that work in a similar way and are also used to collect data about your browsing activity. We will call all of these technologies together \"cookies\".<\/p><p>The specific uses we make of these technologies are described in this document.<\/p>\t\t\t\t\t\t\t\t<\/div>\n\t\t\t\t<\/div>\n\t\t\t\t<div class=\"elementor-element elementor-element-28554c4 elementor-widget elementor-widget-heading\" data-id=\"28554c4\" data-element_type=\"widget\" data-e-type=\"widget\" data-widget_type=\"heading.default\">\n\t\t\t\t<div class=\"elementor-widget-container\">\n\t\t\t\t\t<h3 class=\"elementor-heading-title elementor-size-default\">What are cookies used for on this website?<\/h3>\t\t\t\t<\/div>\n\t\t\t\t<\/div>\n\t\t\t\t<div class=\"elementor-element elementor-element-8f8c52b elementor-widget elementor-widget-text-editor\" data-id=\"8f8c52b\" data-element_type=\"widget\" data-e-type=\"widget\" data-widget_type=\"text-editor.default\">\n\t\t\t\t<div class=\"elementor-widget-container\">\n\t\t\t\t\t\t\t\t\t<p>Cookies are an essential part of how the Website works. The main purpose of our cookies is to improve your browsing experience. For example, to remember your preferences (language, country, etc.) during browsing and on future visits. The information collected in cookies also allows us to improve the website, adapt it to your interests as a user, speed up the searches you perform, etc...<\/p><p>In certain cases, if we have obtained your prior informed consent, we may use cookies for other purposes, such as to obtain information that allows us to show you advertising based on the analysis of your browsing habits.<\/p>\t\t\t\t\t\t\t\t<\/div>\n\t\t\t\t<\/div>\n\t\t\t\t<div class=\"elementor-element elementor-element-3f9a40c elementor-widget elementor-widget-heading\" data-id=\"3f9a40c\" data-element_type=\"widget\" data-e-type=\"widget\" data-widget_type=\"heading.default\">\n\t\t\t\t<div class=\"elementor-widget-container\">\n\t\t\t\t\t<h3 class=\"elementor-heading-title elementor-size-default\">What are cookies NOT used for on this website?<\/h3>\t\t\t\t<\/div>\n\t\t\t\t<\/div>\n\t\t\t\t<div class=\"elementor-element elementor-element-287604a elementor-widget elementor-widget-text-editor\" data-id=\"287604a\" data-element_type=\"widget\" data-e-type=\"widget\" data-widget_type=\"text-editor.default\">\n\t\t\t\t<div class=\"elementor-widget-container\">\n\t\t\t\t\t\t\t\t\t<p>No sensitive personally identifiable information such as your name, address, password, etc. is stored in the cookies we use;<\/p>\t\t\t\t\t\t\t\t<\/div>\n\t\t\t\t<\/div>\n\t\t\t\t<div class=\"elementor-element elementor-element-3a5698e elementor-widget elementor-widget-heading\" data-id=\"3a5698e\" data-element_type=\"widget\" data-e-type=\"widget\" data-widget_type=\"heading.default\">\n\t\t\t\t<div class=\"elementor-widget-container\">\n\t\t\t\t\t<h3 class=\"elementor-heading-title elementor-size-default\">Who uses the information stored in cookies?<\/h3>\t\t\t\t<\/div>\n\t\t\t\t<\/div>\n\t\t\t\t<div class=\"elementor-element elementor-element-373b82c elementor-widget elementor-widget-text-editor\" data-id=\"373b82c\" data-element_type=\"widget\" data-e-type=\"widget\" data-widget_type=\"text-editor.default\">\n\t\t\t\t<div class=\"elementor-widget-container\">\n\t\t\t\t\t\t\t\t\t<p>The information stored in the cookies on our Website is used exclusively by us, with the exception of those identified below as \"third party cookies\", which are used and managed by external entities that provide us with services that improve the user experience. For example, statistics are collected on the number of visits, the most popular content, etc&#8230;<\/p>\t\t\t\t\t\t\t\t<\/div>\n\t\t\t\t<\/div>\n\t\t\t\t<div class=\"elementor-element elementor-element-4eab41f elementor-widget elementor-widget-heading\" data-id=\"4eab41f\" data-element_type=\"widget\" data-e-type=\"widget\" data-widget_type=\"heading.default\">\n\t\t\t\t<div class=\"elementor-widget-container\">\n\t\t\t\t\t<h3 class=\"elementor-heading-title elementor-size-default\">How can you prevent the use of cookies on this Website?<\/h3>\t\t\t\t<\/div>\n\t\t\t\t<\/div>\n\t\t\t\t<div class=\"elementor-element elementor-element-f9a1471 elementor-widget elementor-widget-text-editor\" data-id=\"f9a1471\" data-element_type=\"widget\" data-e-type=\"widget\" data-widget_type=\"text-editor.default\">\n\t\t\t\t<div class=\"elementor-widget-container\">\n\t\t\t\t\t\t\t\t\t<p>If you prefer to avoid the use of cookies, you can REJECT their use or you can CONFIGURE the ones you want to avoid and the ones you are allowed to use (in this document we give you more information about each type of cookie, its purpose, recipient, temporality, etc&#8230; ).<\/p><p>If you have accepted them, we will not ask you again unless you delete the cookies on your device as set out in the section below. If you want to revoke consent you will need to delete the cookies and reset them.<\/p>\t\t\t\t\t\t\t\t<\/div>\n\t\t\t\t<\/div>\n\t\t\t\t<div class=\"elementor-element elementor-element-e862b66 elementor-widget elementor-widget-heading\" data-id=\"e862b66\" data-element_type=\"widget\" data-e-type=\"widget\" data-widget_type=\"heading.default\">\n\t\t\t\t<div class=\"elementor-widget-container\">\n\t\t\t\t\t<h3 class=\"elementor-heading-title elementor-size-default\">How do I disable and delete the use of cookies?<\/h3>\t\t\t\t<\/div>\n\t\t\t\t<\/div>\n\t\t\t\t<div class=\"elementor-element elementor-element-fece42b elementor-widget elementor-widget-text-editor\" data-id=\"fece42b\" data-element_type=\"widget\" data-e-type=\"widget\" data-widget_type=\"text-editor.default\">\n\t\t\t\t<div class=\"elementor-widget-container\">\n\t\t\t\t\t\t\t\t\t<p>To restrict, block or delete cookies from this Website (and those used by third parties) you can do so, at any time, by modifying your browser settings. Please note that these settings are different for each browser.<\/p><p>The following links provide instructions on how to enable or disable cookies in the most common browsers.<\/p><ul><li><a href=\"http:\/\/support.mozilla.org\/es\/kb\/habilitar-y-deshabilitar-cookies-que-los-sitios-we\" target=\"_blank\" rel=\"nofollow noopener\">Firefox<\/a><\/li><li><a href=\"https:\/\/support.google.com\/chrome\/answer\/95647?hl=es\" target=\"_blank\" rel=\"noopener noreferrer nofollow\">Google Chrome<\/a><\/li><li><a href=\"https:\/\/support.microsoft.com\/es-es\/help\/17442\/windows-internet-explorer-delete-manage-cookies#ie=&quot;ie-10\" target=\"_blank\" rel=\"noopener noreferrer nofollow\">Internet Explorer<\/a><\/li><li><a href=\"https:\/\/support.microsoft.com\/es-es\/help\/4468242\/microsoft-edge-browsing-data-and-privacy\" target=\"_blank\" rel=\"noopener noreferrer nofollow\">Microsoft Edge<\/a><\/li><li><a href=\"http:\/\/support.apple.com\/kb\/HT1677?viewlocale=es_ES\" target=\"_blank\" rel=\"nofollow noopener\">Safari<\/a><\/li><\/ul>\t\t\t\t\t\t\t\t<\/div>\n\t\t\t\t<\/div>\n\t\t\t\t<div class=\"elementor-element elementor-element-ed7b328 elementor-widget elementor-widget-heading\" data-id=\"ed7b328\" data-element_type=\"widget\" data-e-type=\"widget\" data-widget_type=\"heading.default\">\n\t\t\t\t<div class=\"elementor-widget-container\">\n\t\t\t\t\t<h3 class=\"elementor-heading-title elementor-size-default\">What types of cookies are used on this website?<\/h3>\t\t\t\t<\/div>\n\t\t\t\t<\/div>\n\t\t\t\t<div class=\"elementor-element elementor-element-66528fe elementor-widget elementor-widget-text-editor\" data-id=\"66528fe\" data-element_type=\"widget\" data-e-type=\"widget\" data-widget_type=\"text-editor.default\">\n\t\t\t\t<div class=\"elementor-widget-container\">\n\t\t\t\t\t\t\t\t\t<p>Each website uses its own cookies. We use the cookies listed below on our website:<\/p><p><b>ACCORDING TO THE ENTITY THAT MANAGES IT<\/b><\/p><p><b>Own cookies:<\/b><\/p><p>These are those that are sent to the User's terminal equipment from a computer or domain managed by the publisher itself and from which the service requested by the User is provided.<\/p><p><b>Third-party cookies:<\/b><\/p><p>Cookies are those that are sent to the User's terminal equipment from a computer or domain that is not managed by the editor, but by another entity that processes the data obtained through the cookies.<\/p><p>In the event that the cookies are served from a computer or domain managed by the editor itself, but the information collected through these is managed by a third party, they cannot be considered as own cookies if the third party uses them for its own purposes (for example, to improve the services it provides or to provide advertising services for other entities).<\/p><p><b>ACCORDING TO THEIR PURPOSE<\/b><\/p><p><b>Technical cookies:<\/b><\/p><p>They are those necessary for browsing and the proper functioning of our Website, such as, for example, controlling traffic and data communication, identifying the session, accessing parts of restricted access, making the application for registration or participation in an event, counting visits for the purposes of billing software licenses with which the Website service works, using security elements during browsing, storing content for the broadcast of videos or sound, enabling dynamic content (for example, loading animation of a text or image).<\/p><p><b>Analysis cookies:<\/b><\/p><p>They make it possible to quantify the number of users and thus carry out the measurement and statistical analysis of the use made by users of the Website.<\/p><p><b>Preference or personalisation cookies:<\/b><\/p><p>These are those that allow information to be remembered so that the User can access the service with certain characteristics that may differentiate their experience from that of other users, such as, for example, the language, the number of results to be displayed when the User performs a search, the appearance or content of the service depending on the type of browser through which the User accesses the service or the region from which the User accesses the service, etc.<\/p><p><b>ACCORDING TO THE LENGTH OF TIME THEY REMAIN ACTIVATED<\/b><\/p><p><b>Session cookies:<\/b><\/p><p>These are those designed to collect and store data while the User accesses a web page.<\/p><p>They are usually used to store information that is only relevant to the provision of the service requested by the User on a single occasion (e.g. a list of products purchased) and disappear at the end of the session.<\/p><p><b>Persistent cookies:<\/b><\/p><p>These are cookies in which the data remain stored in the terminal and can be accessed and processed for a period defined by the cookie owner, ranging from a few minutes to several years. In this respect, it should be specifically assessed whether the use of persistent cookies is necessary, since privacy risks could be reduced by using session cookies. In any case, when persistent cookies are set, it is recommended to reduce their temporary duration to the minimum necessary, taking into account the purpose of their use. To this end, WG29 Opinion 4\/2012 indicated that for a cookie to be exempt from the duty of informed consent, its expiry must be related to its purpose. As a result, session cookies are much more likely to be exempted than persistent cookies.<\/p>\t\t\t\t\t\t\t\t<\/div>\n\t\t\t\t<\/div>\n\t\t\t\t\t<\/div>\n\t\t<\/div>\n\t\t\t\t\t<\/div>\n\t\t<\/section>\n\t\t\t\t\t<\/div>\n\t\t<\/div>\n\t\t\t\t\t<\/div>\n\t\t<\/section>\n\t\t\t\t<\/div>","protected":false},"excerpt":{"rendered":"<p>Pol\u00edtica de cookies \u00bfQu\u00e9 son las cookies? En ingl\u00e9s, el t\u00e9rmino \u00abcookie\u00bb significa galleta, pero en el \u00e1mbito de la navegaci\u00f3n web, una \u00abcookie\u00bb es algo completamente distinto. Cuando accede a nuestro Sitio Web, en el navegador de su dispositivo se almacena una peque\u00f1a cantidad de texto que se denomina \u00abcookie\u00bb. Este texto contiene informaci\u00f3n [&hellip;]<\/p>\n","protected":false},"author":1,"featured_media":0,"parent":0,"menu_order":0,"comment_status":"closed","ping_status":"closed","template":"","meta":{"footnotes":""},"class_list":["post-653","page","type-page","status-publish","hentry"],"_links":{"self":[{"href":"https:\/\/sunincoming.com\/en_gb\/wp-json\/wp\/v2\/pages\/653","targetHints":{"allow":["GET"]}}],"collection":[{"href":"https:\/\/sunincoming.com\/en_gb\/wp-json\/wp\/v2\/pages"}],"about":[{"href":"https:\/\/sunincoming.com\/en_gb\/wp-json\/wp\/v2\/types\/page"}],"author":[{"embeddable":true,"href":"https:\/\/sunincoming.com\/en_gb\/wp-json\/wp\/v2\/users\/1"}],"replies":[{"embeddable":true,"href":"https:\/\/sunincoming.com\/en_gb\/wp-json\/wp\/v2\/comments?post=653"}],"version-history":[{"count":24,"href":"https:\/\/sunincoming.com\/en_gb\/wp-json\/wp\/v2\/pages\/653\/revisions"}],"predecessor-version":[{"id":1778,"href":"https:\/\/sunincoming.com\/en_gb\/wp-json\/wp\/v2\/pages\/653\/revisions\/1778"}],"wp:attachment":[{"href":"https:\/\/sunincoming.com\/en_gb\/wp-json\/wp\/v2\/media?parent=653"}],"curies":[{"name":"wp","href":"https:\/\/api.w.org\/{rel}","templated":true}]}}