{"id":919,"date":"2023-02-22T09:40:01","date_gmt":"2023-02-22T09:40:01","guid":{"rendered":"https:\/\/bebidasgratis.com\/?page_id=919"},"modified":"2023-03-28T19:16:27","modified_gmt":"2023-03-28T19:16:27","slug":"privacy-policy","status":"publish","type":"page","link":"https:\/\/sunincoming.com\/en_gb\/privacy-policy\/","title":{"rendered":"Privacy Policy"},"content":{"rendered":"<div data-elementor-type=\"wp-page\" data-elementor-id=\"919\" class=\"elementor elementor-919\" data-elementor-post-type=\"page\">\n\t\t\t\t\t\t<section class=\"elementor-section elementor-top-section elementor-element elementor-element-2478bc8 elementor-section-height-min-height elementor-section-items-stretch elementor-section-boxed elementor-section-height-default\" data-id=\"2478bc8\" data-element_type=\"section\" data-e-type=\"section\" data-settings=\"{&quot;background_background&quot;:&quot;classic&quot;}\">\n\t\t\t\t\t\t<div class=\"elementor-container elementor-column-gap-no\">\n\t\t\t\t\t<div class=\"elementor-column elementor-col-100 elementor-top-column elementor-element elementor-element-8bacaf9\" data-id=\"8bacaf9\" data-element_type=\"column\" data-e-type=\"column\" data-settings=\"{&quot;background_background&quot;:&quot;classic&quot;}\">\n\t\t\t<div class=\"elementor-widget-wrap elementor-element-populated\">\n\t\t\t\t\t\t<section class=\"elementor-section elementor-inner-section elementor-element elementor-element-2b8bc4e elementor-section-height-min-height elementor-section-boxed elementor-section-height-default\" data-id=\"2b8bc4e\" data-element_type=\"section\" data-e-type=\"section\" data-settings=\"{&quot;background_background&quot;:&quot;classic&quot;}\">\n\t\t\t\t\t\t<div class=\"elementor-container elementor-column-gap-default\">\n\t\t\t\t\t<div class=\"elementor-column elementor-col-100 elementor-inner-column elementor-element elementor-element-e8b7666\" data-id=\"e8b7666\" data-element_type=\"column\" data-e-type=\"column\">\n\t\t\t<div class=\"elementor-widget-wrap\">\n\t\t\t\t\t\t\t<\/div>\n\t\t<\/div>\n\t\t\t\t\t<\/div>\n\t\t<\/section>\n\t\t\t\t<div class=\"elementor-element elementor-element-130ba72 elementor-widget elementor-widget-heading\" data-id=\"130ba72\" data-element_type=\"widget\" data-e-type=\"widget\" data-widget_type=\"heading.default\">\n\t\t\t\t<div class=\"elementor-widget-container\">\n\t\t\t\t\t<h1 class=\"elementor-heading-title elementor-size-default\">Privacy Policy<\/h1>\t\t\t\t<\/div>\n\t\t\t\t<\/div>\n\t\t\t\t\t<\/div>\n\t\t<\/div>\n\t\t\t\t\t<\/div>\n\t\t<\/section>\n\t\t\t\t<section class=\"elementor-section elementor-top-section elementor-element elementor-element-3597277 elementor-section-boxed elementor-section-height-default elementor-section-height-default\" data-id=\"3597277\" data-element_type=\"section\" data-e-type=\"section\">\n\t\t\t\t\t\t<div class=\"elementor-container elementor-column-gap-no\">\n\t\t\t\t\t<div class=\"elementor-column elementor-col-100 elementor-top-column elementor-element elementor-element-e818406\" data-id=\"e818406\" data-element_type=\"column\" data-e-type=\"column\">\n\t\t\t<div class=\"elementor-widget-wrap elementor-element-populated\">\n\t\t\t\t\t\t<section class=\"elementor-section elementor-inner-section elementor-element elementor-element-72e5729 elementor-section-full_width elementor-section-height-default elementor-section-height-default\" data-id=\"72e5729\" data-element_type=\"section\" data-e-type=\"section\" data-settings=\"{&quot;background_background&quot;:&quot;classic&quot;}\">\n\t\t\t\t\t\t<div class=\"elementor-container elementor-column-gap-default\">\n\t\t\t\t\t<div class=\"elementor-column elementor-col-100 elementor-inner-column elementor-element elementor-element-32cf8a9\" data-id=\"32cf8a9\" data-element_type=\"column\" data-e-type=\"column\">\n\t\t\t<div class=\"elementor-widget-wrap elementor-element-populated\">\n\t\t\t\t\t\t<div class=\"elementor-element elementor-element-6728690 elementor-widget elementor-widget-text-editor\" data-id=\"6728690\" data-element_type=\"widget\" data-e-type=\"widget\" data-widget_type=\"text-editor.default\">\n\t\t\t\t<div class=\"elementor-widget-container\">\n\t\t\t\t\t\t\t\t\tThe Owner informs you of its Privacy Policy regarding the processing and protection of personal data of users that may be collected while browsing through the Website: <a href=\"https:\/\/sunincoming.com\/politica-de-privacidad\/\">https:\/\/sunincoming.com<\/a>\n\nIn this regard, the Owner guarantees compliance with the current regulations on personal data protection, reflected in the Organic Law 3\/2018, of 5 December, on the Protection of Personal Data and the Guarantee of Digital Rights (LOPD GDD). It also complies with Regulation (EU) 2016\/679 of the European Parliament and of the Council of 27 April 2016 on the protection of natural persons (GDPR).\r\n\r\nThe use of the website implies acceptance of this Privacy Policy.\t\t\t\t\t\t\t\t<\/div>\n\t\t\t\t<\/div>\n\t\t\t\t<div class=\"elementor-element elementor-element-464b3b5 elementor-widget elementor-widget-heading\" data-id=\"464b3b5\" data-element_type=\"widget\" data-e-type=\"widget\" data-widget_type=\"heading.default\">\n\t\t\t\t<div class=\"elementor-widget-container\">\n\t\t\t\t\t<h3 class=\"elementor-heading-title elementor-size-default\">Identity of the Person Responsible<\/h3>\t\t\t\t<\/div>\n\t\t\t\t<\/div>\n\t\t\t\t<div class=\"elementor-element elementor-element-3bd82e8 elementor-widget elementor-widget-text-editor\" data-id=\"3bd82e8\" data-element_type=\"widget\" data-e-type=\"widget\" data-widget_type=\"text-editor.default\">\n\t\t\t\t<div class=\"elementor-widget-container\">\n\t\t\t\t\t\t\t\t\t<ul><li><strong>Company name:<\/strong>\u00a0SUN INCOMING, S.L.<\/li><li><strong>CIF:<\/strong>\u00a0B72840929<\/li><li><b>C\u00f3digo Identificativo:<\/b> C.I.AN-297794-3<\/li><li><strong>Address:<\/strong>\u00a0Calle Portugal, CP: 29641 MIJAS, M\u00e1laga<\/li><li><strong>Telephone:<\/strong>\u00a0951 745 787<\/li><li><strong>E-mail address:<\/strong>\u00a0lodp@sunincoming.com<\/li><li><strong>Domain name:<\/strong>\u00a0www.sunincoming.com<\/li><\/ul>\t\t\t\t\t\t\t\t<\/div>\n\t\t\t\t<\/div>\n\t\t\t\t<div class=\"elementor-element elementor-element-f83d04d elementor-widget elementor-widget-heading\" data-id=\"f83d04d\" data-element_type=\"widget\" data-e-type=\"widget\" data-widget_type=\"heading.default\">\n\t\t\t\t<div class=\"elementor-widget-container\">\n\t\t\t\t\t<h3 class=\"elementor-heading-title elementor-size-default\">Principles applied in data processing<\/h3>\t\t\t\t<\/div>\n\t\t\t\t<\/div>\n\t\t\t\t<div class=\"elementor-element elementor-element-1cb744f elementor-widget elementor-widget-text-editor\" data-id=\"1cb744f\" data-element_type=\"widget\" data-e-type=\"widget\" data-widget_type=\"text-editor.default\">\n\t\t\t\t<div class=\"elementor-widget-container\">\n\t\t\t\t\t\t\t\t\t<p>In processing your personal data, the Data Controller shall apply the following principles which are in line with the requirements of the new European Data Protection Regulation (GDPR):<br><br><\/p>\n<ul>\n<li>Principle of lawfulness, fairness and transparency: The Data Controller will always require consent for the processing of personal data, which may be for one or more specific purposes about which the Data Controller will inform the User beforehand with absolute transparency.<\/li>\n<li>Principle of data minimisation: The Data Controller shall request only the data strictly necessary for the purpose(s) for which the data is requested.<\/li>\n<li>Principle of limitation of the storage period: The Data Controller shall keep the personal data collected for the time strictly necessary for the purpose(s) of the processing. The Data Controller shall inform the User of the relevant retention period according to the purpose. <br>In the case of subscriptions, the Registrant will periodically review the lists and remove those registrations that have been inactive for a considerable period of time.<\/li>\n<li>Principle of integrity and confidentiality: The personal data collected will be treated in such a way that their security, confidentiality and integrity is guaranteed. <br>The Data Controller takes the necessary precautions to prevent unauthorised access or misuse of its users' data by third parties.<\/li>\n<\/ul>\t\t\t\t\t\t\t\t<\/div>\n\t\t\t\t<\/div>\n\t\t\t\t<div class=\"elementor-element elementor-element-20d37eb elementor-widget elementor-widget-heading\" data-id=\"20d37eb\" data-element_type=\"widget\" data-e-type=\"widget\" data-widget_type=\"heading.default\">\n\t\t\t\t<div class=\"elementor-widget-container\">\n\t\t\t\t\t<h3 class=\"elementor-heading-title elementor-size-default\">Collection of personal data<\/h3>\t\t\t\t<\/div>\n\t\t\t\t<\/div>\n\t\t\t\t<div class=\"elementor-element elementor-element-b56f0a1 elementor-widget elementor-widget-text-editor\" data-id=\"b56f0a1\" data-element_type=\"widget\" data-e-type=\"widget\" data-widget_type=\"text-editor.default\">\n\t\t\t\t<div class=\"elementor-widget-container\">\n\t\t\t\t\t\t\t\t\t<p>You do not need to provide any personal data to browse the website.<\/p>\t\t\t\t\t\t\t\t<\/div>\n\t\t\t\t<\/div>\n\t\t\t\t<div class=\"elementor-element elementor-element-5324f43 elementor-widget elementor-widget-heading\" data-id=\"5324f43\" data-element_type=\"widget\" data-e-type=\"widget\" data-widget_type=\"heading.default\">\n\t\t\t\t<div class=\"elementor-widget-container\">\n\t\t\t\t\t<h3 class=\"elementor-heading-title elementor-size-default\">Rights<\/h3>\t\t\t\t<\/div>\n\t\t\t\t<\/div>\n\t\t\t\t<div class=\"elementor-element elementor-element-eb28cf3 elementor-widget elementor-widget-text-editor\" data-id=\"eb28cf3\" data-element_type=\"widget\" data-e-type=\"widget\" data-widget_type=\"text-editor.default\">\n\t\t\t\t<div class=\"elementor-widget-container\">\n\t\t\t\t\t\t\t\t\t<p>The Data Subject informs you that he\/she has the right to:<\/p><ul><li>Request access to stored data.<\/li><li>Request rectification or erasure.<\/li><li>Request the restriction of their processing.<\/li><li>Opposing treatment.<br \/><br \/><br \/><\/li><\/ul><p>You cannot exercise the right to data portability.<\/p><p>The exercise of these rights is personal and must therefore be exercised directly by the data subject, requesting it directly from the Data Controller, which means that any customer, subscriber or collaborator who has provided their data at any time may contact the Data Controller and request information on the data stored and how it was obtained, request rectification of the data, oppose its processing, limit its use or request the deletion of such data from the files of the Data Controller.<\/p><p>To exercise your rights you must send your request together with a photocopy of your National Identity Card or equivalent to the postal address:<br \/><br \/><\/p><ul><li>SUN INCOMING, S.L.<br \/>CALLE PORTUGAL, MIJAS GOLF, N\u00ba1<br \/>29651 MIJAS (M\u00c1LAGA)<p>\u00a0<\/p><\/li><\/ul><p>The exercise of these rights does not include any data that the Data Controller is obliged to retain for administrative, legal or security purposes.<\/p><p>You have the right to effective judicial protection and to lodge a complaint with the supervisory authority, in this case the Spanish Data Protection Agency, if you consider that the processing of personal data concerning you is in breach of the Regulation.<\/p>\t\t\t\t\t\t\t\t<\/div>\n\t\t\t\t<\/div>\n\t\t\t\t<div class=\"elementor-element elementor-element-2b8fc18 elementor-widget elementor-widget-heading\" data-id=\"2b8fc18\" data-element_type=\"widget\" data-e-type=\"widget\" data-widget_type=\"heading.default\">\n\t\t\t\t<div class=\"elementor-widget-container\">\n\t\t\t\t\t<h3 class=\"elementor-heading-title elementor-size-default\">Purpose of the processing of personal data<\/h3>\t\t\t\t<\/div>\n\t\t\t\t<\/div>\n\t\t\t\t<div class=\"elementor-element elementor-element-a53e2b1 elementor-widget elementor-widget-text-editor\" data-id=\"a53e2b1\" data-element_type=\"widget\" data-e-type=\"widget\" data-widget_type=\"text-editor.default\">\n\t\t\t\t<div class=\"elementor-widget-container\">\n\t\t\t\t\t\t\t\t\t<p>When you connect to the Website to send an email to the Owner, subscribe to its newsletter, you are providing personal information for which the Owner is responsible. This information may include personal data such as your IP address, first and last name, physical address, email address, telephone number, and other information. By providing this information, you consent to the collection, use, management and storage of your information by:<\/p><p>The personal data and the purpose of the processing by the Data Subject is different depending on the information capture system:<\/p><p>Existen otras finalidades por las que el Titular trata datos personales:<br \/><br \/><\/p><ul><li>To ensure compliance with the conditions set out in applicable law. This may include the development of tools and algorithms to help the Website ensure the confidentiality of the personal data it collects.<\/li><li>To support and improve the services offered by this Website.<\/li><li>To analyse user browsing. The Owner collects other non-identifying data obtained through the use of cookies that are downloaded to the User's computer when browsing the Website, the characteristics and purpose of which are detailed on the page of <a href=\"https:\/\/sunincoming.com\/politica-de-cookies\/\">Cookies policy<\/a>.<\/li><\/ul>\t\t\t\t\t\t\t\t<\/div>\n\t\t\t\t<\/div>\n\t\t\t\t<div class=\"elementor-element elementor-element-57e09c0 elementor-widget elementor-widget-heading\" data-id=\"57e09c0\" data-element_type=\"widget\" data-e-type=\"widget\" data-widget_type=\"heading.default\">\n\t\t\t\t<div class=\"elementor-widget-container\">\n\t\t\t\t\t<h3 class=\"elementor-heading-title elementor-size-default\">Security of personal data<\/h3>\t\t\t\t<\/div>\n\t\t\t\t<\/div>\n\t\t\t\t<div class=\"elementor-element elementor-element-6366a84 elementor-widget elementor-widget-text-editor\" data-id=\"6366a84\" data-element_type=\"widget\" data-e-type=\"widget\" data-widget_type=\"text-editor.default\">\n\t\t\t\t<div class=\"elementor-widget-container\">\n\t\t\t\t\t\t\t\t\t<p>To protect your personal data, the Data Controller takes all reasonable precautions and follows industry best practices to prevent the loss, misuse, improper access, disclosure, alteration or destruction of your personal data.<\/p><p>Your data may be included in a mailing list file, for which the Data Controller is responsible for its management and processing. The security of your data is guaranteed, as the Data Controller takes all necessary security measures and guarantees that personal data will only be used for the given purposes.<\/p><p>The Data Controller informs the User that their personal data will not be transferred to third party organisations, with the exception that such transfer of data is covered by a legal obligation or when the provision of a service implies the need for a contractual relationship with a data processor. In the latter case, the transfer of data to the third party will only be carried out when the Data Controller has the express consent of the User.<\/p><p>However, in some cases, collaborations may be carried out with other professionals; in such cases, the User's consent will be required, informing the identity of the collaborator and the purpose of the collaboration. This will always be carried out with the strictest security standards.<\/p>\t\t\t\t\t\t\t\t<\/div>\n\t\t\t\t<\/div>\n\t\t\t\t<div class=\"elementor-element elementor-element-e210d11 elementor-widget elementor-widget-heading\" data-id=\"e210d11\" data-element_type=\"widget\" data-e-type=\"widget\" data-widget_type=\"heading.default\">\n\t\t\t\t<div class=\"elementor-widget-container\">\n\t\t\t\t\t<h3 class=\"elementor-heading-title elementor-size-default\">Content from other websites<\/h3>\t\t\t\t<\/div>\n\t\t\t\t<\/div>\n\t\t\t\t<div class=\"elementor-element elementor-element-a9607fe elementor-widget elementor-widget-text-editor\" data-id=\"a9607fe\" data-element_type=\"widget\" data-e-type=\"widget\" data-widget_type=\"text-editor.default\">\n\t\t\t\t<div class=\"elementor-widget-container\">\n\t\t\t\t\t\t\t\t\t<p>Pages on this website may include embedded content (e.g. videos, images, articles, etc.). Embedded content from other websites behaves in exactly the same way as if you had visited the other website.<\/p><p>These websites may collect data about you, use cookies, embed additional tracking code from third parties, and monitor your interaction using this code.<\/p>\t\t\t\t\t\t\t\t<\/div>\n\t\t\t\t<\/div>\n\t\t\t\t<div class=\"elementor-element elementor-element-cca5d64 elementor-widget elementor-widget-heading\" data-id=\"cca5d64\" data-element_type=\"widget\" data-e-type=\"widget\" data-widget_type=\"heading.default\">\n\t\t\t\t<div class=\"elementor-widget-container\">\n\t\t\t\t\t<h3 class=\"elementor-heading-title elementor-size-default\">Cookies policy<\/h3>\t\t\t\t<\/div>\n\t\t\t\t<\/div>\n\t\t\t\t<div class=\"elementor-element elementor-element-4b319b2 elementor-widget elementor-widget-text-editor\" data-id=\"4b319b2\" data-element_type=\"widget\" data-e-type=\"widget\" data-widget_type=\"text-editor.default\">\n\t\t\t\t<div class=\"elementor-widget-container\">\n\t\t\t\t\t\t\t\t\tIn order for this website to function correctly it needs to use cookies, which is information that is stored in your web browser.\r\n\r\nYou can consult all the information relating to the policy of collection and treatment of cookies on the page of <a href=\"https:\/\/sunincoming.com\/politica-de-cookies\/\">Cookies policy<\/a>.\t\t\t\t\t\t\t\t<\/div>\n\t\t\t\t<\/div>\n\t\t\t\t<div class=\"elementor-element elementor-element-2a788a1 elementor-widget elementor-widget-heading\" data-id=\"2a788a1\" data-element_type=\"widget\" data-e-type=\"widget\" data-widget_type=\"heading.default\">\n\t\t\t\t<div class=\"elementor-widget-container\">\n\t\t\t\t\t<h3 class=\"elementor-heading-title elementor-size-default\">Legitimation for data processing<\/h3>\t\t\t\t<\/div>\n\t\t\t\t<\/div>\n\t\t\t\t<div class=\"elementor-element elementor-element-1df44cf elementor-widget elementor-widget-text-editor\" data-id=\"1df44cf\" data-element_type=\"widget\" data-e-type=\"widget\" data-widget_type=\"text-editor.default\">\n\t\t\t\t<div class=\"elementor-widget-container\">\n\t\t\t\t\t\t\t\t\t<p>The legal basis for the processing of your data is:<\/p><ul><li>The consent of the data subject.<\/li><\/ul>\t\t\t\t\t\t\t\t<\/div>\n\t\t\t\t<\/div>\n\t\t\t\t<div class=\"elementor-element elementor-element-8f290cf elementor-widget elementor-widget-heading\" data-id=\"8f290cf\" data-element_type=\"widget\" data-e-type=\"widget\" data-widget_type=\"heading.default\">\n\t\t\t\t<div class=\"elementor-widget-container\">\n\t\t\t\t\t<h3 class=\"elementor-heading-title elementor-size-default\">Categories of personal data<\/h3>\t\t\t\t<\/div>\n\t\t\t\t<\/div>\n\t\t\t\t<div class=\"elementor-element elementor-element-e4d1962 elementor-widget elementor-widget-text-editor\" data-id=\"e4d1962\" data-element_type=\"widget\" data-e-type=\"widget\" data-widget_type=\"text-editor.default\">\n\t\t\t\t<div class=\"elementor-widget-container\">\n\t\t\t\t\t\t\t\t\t<p>The categories of personal data processed by the Data Controller are:<\/p><ul><li>Identifying data.<\/li><li>No specially protected categories of data are processed.<\/li><\/ul>\t\t\t\t\t\t\t\t<\/div>\n\t\t\t\t<\/div>\n\t\t\t\t<div class=\"elementor-element elementor-element-6fbf9e1 elementor-widget elementor-widget-heading\" data-id=\"6fbf9e1\" data-element_type=\"widget\" data-e-type=\"widget\" data-widget_type=\"heading.default\">\n\t\t\t\t<div class=\"elementor-widget-container\">\n\t\t\t\t\t<h3 class=\"elementor-heading-title elementor-size-default\">Retention of personal data<\/h3>\t\t\t\t<\/div>\n\t\t\t\t<\/div>\n\t\t\t\t<div class=\"elementor-element elementor-element-1ec61cd elementor-widget elementor-widget-text-editor\" data-id=\"1ec61cd\" data-element_type=\"widget\" data-e-type=\"widget\" data-widget_type=\"text-editor.default\">\n\t\t\t\t<div class=\"elementor-widget-container\">\n\t\t\t\t\t\t\t\t\t<p>Personal data provided to the Data Subject will be retained until such time as the Data Subject requests its deletion.<\/p>\t\t\t\t\t\t\t\t<\/div>\n\t\t\t\t<\/div>\n\t\t\t\t<div class=\"elementor-element elementor-element-b9c44b7 elementor-widget elementor-widget-heading\" data-id=\"b9c44b7\" data-element_type=\"widget\" data-e-type=\"widget\" data-widget_type=\"heading.default\">\n\t\t\t\t<div class=\"elementor-widget-container\">\n\t\t\t\t\t<h3 class=\"elementor-heading-title elementor-size-default\">Web browsing<\/h3>\t\t\t\t<\/div>\n\t\t\t\t<\/div>\n\t\t\t\t<div class=\"elementor-element elementor-element-3142f6e elementor-widget elementor-widget-text-editor\" data-id=\"3142f6e\" data-element_type=\"widget\" data-e-type=\"widget\" data-widget_type=\"text-editor.default\">\n\t\t\t\t<div class=\"elementor-widget-container\">\n\t\t\t\t\t\t\t\t\t<p>As you browse the Website, non-identifying data may be collected, which may include, IP address, geolocation, a record of how services and sites are used, browsing habits and other data that cannot be used to identify you.<\/p><p>The website uses the following third-party analysis services:<\/p><p>The Owner uses the information obtained to obtain statistical data, analyse trends, administer the site, study browsing patterns and to gather demographic information.<\/p><p>The Owner is not responsible for the processing of personal data by websites that can be accessed through the various links contained in the Website.<\/p>\t\t\t\t\t\t\t\t<\/div>\n\t\t\t\t<\/div>\n\t\t\t\t<div class=\"elementor-element elementor-element-4898338 elementor-widget elementor-widget-heading\" data-id=\"4898338\" data-element_type=\"widget\" data-e-type=\"widget\" data-widget_type=\"heading.default\">\n\t\t\t\t<div class=\"elementor-widget-container\">\n\t\t\t\t\t<h3 class=\"elementor-heading-title elementor-size-default\">Accuracy and veracity of personal data<\/h3>\t\t\t\t<\/div>\n\t\t\t\t<\/div>\n\t\t\t\t<div class=\"elementor-element elementor-element-1c28b29 elementor-widget elementor-widget-text-editor\" data-id=\"1c28b29\" data-element_type=\"widget\" data-e-type=\"widget\" data-widget_type=\"text-editor.default\">\n\t\t\t\t<div class=\"elementor-widget-container\">\n\t\t\t\t\t\t\t\t\t<p>You undertake to ensure that the data provided to the Data Controller is correct, complete, accurate and up to date, as well as to keep it duly updated.<\/p><p>As User of the Website, you are solely responsible for the veracity and correctness of the data submitted to the Website, exonerating the Owner from any liability in this regard.<\/p>\t\t\t\t\t\t\t\t<\/div>\n\t\t\t\t<\/div>\n\t\t\t\t<div class=\"elementor-element elementor-element-df590b1 elementor-widget elementor-widget-heading\" data-id=\"df590b1\" data-element_type=\"widget\" data-e-type=\"widget\" data-widget_type=\"heading.default\">\n\t\t\t\t<div class=\"elementor-widget-container\">\n\t\t\t\t\t<h3 class=\"elementor-heading-title elementor-size-default\">Acceptance and consent<\/h3>\t\t\t\t<\/div>\n\t\t\t\t<\/div>\n\t\t\t\t<div class=\"elementor-element elementor-element-d77ed69 elementor-widget elementor-widget-text-editor\" data-id=\"d77ed69\" data-element_type=\"widget\" data-e-type=\"widget\" data-widget_type=\"text-editor.default\">\n\t\t\t\t<div class=\"elementor-widget-container\">\n\t\t\t\t\t\t\t\t\t<p>As a User of the Website, you declare that you have been informed of the conditions on the protection of personal data, and you accept and consent to the processing of such data by the Owner in the manner and for the purposes indicated in this Privacy Policy.<\/p><p>To contact the Owner, subscribe to a newsletter or make comments on this website you must accept this Privacy Policy.<\/p>\t\t\t\t\t\t\t\t<\/div>\n\t\t\t\t<\/div>\n\t\t\t\t<div class=\"elementor-element elementor-element-0a19d7d elementor-widget elementor-widget-heading\" data-id=\"0a19d7d\" data-element_type=\"widget\" data-e-type=\"widget\" data-widget_type=\"heading.default\">\n\t\t\t\t<div class=\"elementor-widget-container\">\n\t\t\t\t\t<h3 class=\"elementor-heading-title elementor-size-default\">Changes in the Privacy Policy<\/h3>\t\t\t\t<\/div>\n\t\t\t\t<\/div>\n\t\t\t\t<div class=\"elementor-element elementor-element-cf99a35 elementor-widget elementor-widget-text-editor\" data-id=\"cf99a35\" data-element_type=\"widget\" data-e-type=\"widget\" data-widget_type=\"text-editor.default\">\n\t\t\t\t<div class=\"elementor-widget-container\">\n\t\t\t\t\t\t\t\t\t<p>The Owner reserves the right to modify this Privacy Policy to adapt it to new legislation or jurisprudence, as well as to industry practices.<\/p><p>These policies shall remain in force until amended by other duly published policies.<\/p>\t\t\t\t\t\t\t\t<\/div>\n\t\t\t\t<\/div>\n\t\t\t\t\t<\/div>\n\t\t<\/div>\n\t\t\t\t\t<\/div>\n\t\t<\/section>\n\t\t\t\t\t<\/div>\n\t\t<\/div>\n\t\t\t\t\t<\/div>\n\t\t<\/section>\n\t\t\t\t<\/div>","protected":false},"excerpt":{"rendered":"<p>Pol\u00edtica de privacidad El Titular le informa sobre su Pol\u00edtica de Privacidad respecto del tratamiento y protecci\u00f3n de los datos de car\u00e1cter personal de los usuarios que puedan ser recabados durante la navegaci\u00f3n a trav\u00e9s del Sitio Web: https:\/\/sunincoming.com En este sentido, el Titular garantiza el cumplimiento de la normativa vigente en materia de protecci\u00f3n [&hellip;]<\/p>\n","protected":false},"author":1,"featured_media":0,"parent":0,"menu_order":0,"comment_status":"closed","ping_status":"closed","template":"","meta":{"footnotes":""},"class_list":["post-919","page","type-page","status-publish","hentry"],"_links":{"self":[{"href":"https:\/\/sunincoming.com\/en_gb\/wp-json\/wp\/v2\/pages\/919","targetHints":{"allow":["GET"]}}],"collection":[{"href":"https:\/\/sunincoming.com\/en_gb\/wp-json\/wp\/v2\/pages"}],"about":[{"href":"https:\/\/sunincoming.com\/en_gb\/wp-json\/wp\/v2\/types\/page"}],"author":[{"embeddable":true,"href":"https:\/\/sunincoming.com\/en_gb\/wp-json\/wp\/v2\/users\/1"}],"replies":[{"embeddable":true,"href":"https:\/\/sunincoming.com\/en_gb\/wp-json\/wp\/v2\/comments?post=919"}],"version-history":[{"count":64,"href":"https:\/\/sunincoming.com\/en_gb\/wp-json\/wp\/v2\/pages\/919\/revisions"}],"predecessor-version":[{"id":1864,"href":"https:\/\/sunincoming.com\/en_gb\/wp-json\/wp\/v2\/pages\/919\/revisions\/1864"}],"wp:attachment":[{"href":"https:\/\/sunincoming.com\/en_gb\/wp-json\/wp\/v2\/media?parent=919"}],"curies":[{"name":"wp","href":"https:\/\/api.w.org\/{rel}","templated":true}]}}